{"id":10730,"date":"2025-10-19T21:32:32","date_gmt":"2025-10-19T19:32:32","guid":{"rendered":"https:\/\/opecheurdelune.com\/product\/opaline-glass-marble-base-mushroom-table-lamp-1960s\/"},"modified":"2025-10-19T21:32:34","modified_gmt":"2025-10-19T19:32:34","slug":"opaline-glass-marble-base-mushroom-table-lamp-1960s","status":"publish","type":"product","link":"https:\/\/opecheurdelune.com\/en\/product\/opaline-glass-marble-base-mushroom-table-lamp-1960s\/","title":{"rendered":"Opaline Glass &#038; Marble Base Mushroom Table Lamp, 1960s"},"content":{"rendered":"<p>Cette lampe a l&#8217;aspect de champignon en m\u00e9tal chrom\u00e9 et verre opalin avec le pied en marbre, \u00e0 \u00e9t\u00e9 con\u00e7u entre 1960-1969<\/p>\n<p>&nbsp;<\/p>\n<p>&nbsp;<\/p>\n<p>\u00a0 <\/p>\n","protected":false},"excerpt":{"rendered":"<p>Cette lampe a l&#8217;aspect de champignon en m\u00e9tal chrom\u00e9 et verre opalin avec le pied en marbre, \u00e0 \u00e9t\u00e9 con\u00e7u entre 1960-1969 &nbsp; &nbsp; \u00a0<\/p>\n","protected":false},"featured_media":10616,"comment_status":"closed","ping_status":"closed","template":"","meta":{"_seopress_robots_primary_cat":"","_seopress_titles_title":"","_seopress_titles_desc":"","_seopress_robots_index":"","_gspb_post_css":"","inline_featured_image":false},"product_brand":[],"product_cat":[333],"product_tag":[],"berocket_brand":[],"class_list":{"0":"post-10730","1":"product","2":"type-product","3":"status-publish","4":"has-post-thumbnail","6":"product_cat-lighting","8":"first","9":"instock","10":"taxable","11":"shipping-taxable","12":"purchasable","13":"product-type-simple"},"_links":{"self":[{"href":"https:\/\/opecheurdelune.com\/en\/wp-json\/wp\/v2\/product\/10730","targetHints":{"allow":["GET"]}}],"collection":[{"href":"https:\/\/opecheurdelune.com\/en\/wp-json\/wp\/v2\/product"}],"about":[{"href":"https:\/\/opecheurdelune.com\/en\/wp-json\/wp\/v2\/types\/product"}],"replies":[{"embeddable":true,"href":"https:\/\/opecheurdelune.com\/en\/wp-json\/wp\/v2\/comments?post=10730"}],"wp:featuredmedia":[{"embeddable":true,"href":"https:\/\/opecheurdelune.com\/en\/wp-json\/wp\/v2\/media\/10616"}],"wp:attachment":[{"href":"https:\/\/opecheurdelune.com\/en\/wp-json\/wp\/v2\/media?parent=10730"}],"wp:term":[{"taxonomy":"product_brand","embeddable":true,"href":"https:\/\/opecheurdelune.com\/en\/wp-json\/wp\/v2\/product_brand?post=10730"},{"taxonomy":"product_cat","embeddable":true,"href":"https:\/\/opecheurdelune.com\/en\/wp-json\/wp\/v2\/product_cat?post=10730"},{"taxonomy":"product_tag","embeddable":true,"href":"https:\/\/opecheurdelune.com\/en\/wp-json\/wp\/v2\/product_tag?post=10730"},{"taxonomy":"berocket_brand","embeddable":true,"href":"https:\/\/opecheurdelune.com\/en\/wp-json\/wp\/v2\/berocket_brand?post=10730"}],"curies":[{"name":"wp","href":"https:\/\/api.w.org\/{rel}","templated":true}]}}