{"id":10725,"date":"2024-10-19T19:32:37","date_gmt":"2024-10-19T17:32:37","guid":{"rendered":"https:\/\/opecheurdelune.com\/product\/banc-model-400-yc-de-harry-bertoia-pour-knoll-edition-davant-1992\/"},"modified":"2025-10-19T21:32:37","modified_gmt":"2025-10-19T19:32:37","slug":"banc-model-400-yc-de-harry-bertoia-pour-knoll-edition-davant-1992","status":"publish","type":"product","link":"https:\/\/opecheurdelune.com\/en\/product\/banc-model-400-yc-de-harry-bertoia-pour-knoll-edition-davant-1992\/","title":{"rendered":"Banc Model 400 YC de Harry Berto\u00efa pour Knoll \u00e9dition d&#8217;avant 1992"},"content":{"rendered":"<p>Banc Model 400 YC de Harry Berto\u00efa pour Knoll \u00e9dition d&#8217;avant 1992<\/p>\n<p>pietement en metal chrom\u00e9 assise en bois laqu\u00e8 blanc d&#8217;origine<\/p>\n<p>&nbsp;<\/p>\n","protected":false},"excerpt":{"rendered":"<p>Banc Model 400 YC de Harry Berto\u00efa pour Knoll \u00e9dition d&#8217;avant 1992 pietement en metal chrom\u00e9 assise en bois laqu\u00e8 blanc d&#8217;origine &nbsp;<\/p>\n","protected":false},"featured_media":10643,"comment_status":"closed","ping_status":"closed","template":"","meta":{"_seopress_robots_primary_cat":"","_seopress_titles_title":"","_seopress_titles_desc":"","_seopress_robots_index":"","_gspb_post_css":"","inline_featured_image":false},"product_brand":[],"product_cat":[332],"product_tag":[],"berocket_brand":[],"class_list":{"0":"post-10725","1":"product","2":"type-product","3":"status-publish","4":"has-post-thumbnail","6":"product_cat-seating-armchairs","8":"first","9":"outofstock","10":"taxable","11":"shipping-taxable","12":"purchasable","13":"product-type-simple"},"_links":{"self":[{"href":"https:\/\/opecheurdelune.com\/en\/wp-json\/wp\/v2\/product\/10725","targetHints":{"allow":["GET"]}}],"collection":[{"href":"https:\/\/opecheurdelune.com\/en\/wp-json\/wp\/v2\/product"}],"about":[{"href":"https:\/\/opecheurdelune.com\/en\/wp-json\/wp\/v2\/types\/product"}],"replies":[{"embeddable":true,"href":"https:\/\/opecheurdelune.com\/en\/wp-json\/wp\/v2\/comments?post=10725"}],"wp:featuredmedia":[{"embeddable":true,"href":"https:\/\/opecheurdelune.com\/en\/wp-json\/wp\/v2\/media\/10643"}],"wp:attachment":[{"href":"https:\/\/opecheurdelune.com\/en\/wp-json\/wp\/v2\/media?parent=10725"}],"wp:term":[{"taxonomy":"product_brand","embeddable":true,"href":"https:\/\/opecheurdelune.com\/en\/wp-json\/wp\/v2\/product_brand?post=10725"},{"taxonomy":"product_cat","embeddable":true,"href":"https:\/\/opecheurdelune.com\/en\/wp-json\/wp\/v2\/product_cat?post=10725"},{"taxonomy":"product_tag","embeddable":true,"href":"https:\/\/opecheurdelune.com\/en\/wp-json\/wp\/v2\/product_tag?post=10725"},{"taxonomy":"berocket_brand","embeddable":true,"href":"https:\/\/opecheurdelune.com\/en\/wp-json\/wp\/v2\/berocket_brand?post=10725"}],"curies":[{"name":"wp","href":"https:\/\/api.w.org\/{rel}","templated":true}]}}