{"id":10724,"date":"2024-10-19T19:32:38","date_gmt":"2024-10-19T17:32:38","guid":{"rendered":"https:\/\/opecheurdelune.com\/product\/chaise-longue-pk24-par-poul-kjaerholm-edition-fritz-hansen-2000\/"},"modified":"2025-10-19T21:32:38","modified_gmt":"2025-10-19T19:32:38","slug":"chaise-longue-pk24-par-poul-kjaerholm-edition-fritz-hansen-2000","status":"publish","type":"product","link":"https:\/\/opecheurdelune.com\/en\/product\/chaise-longue-pk24-par-poul-kjaerholm-edition-fritz-hansen-2000\/","title":{"rendered":"Chaise Longue PK24 par Poul Kjaerholm \u2013 \u00c9dition Fritz Hansen (2000)"},"content":{"rendered":"<p>Ajoutez une pi\u00e8ce iconique du design scandinave \u00e0 votre int\u00e9rieur avec la chaise longue PK24, con\u00e7ue par Poul Kjaerholm dans les ann\u00e9es 1960 et \u00e9dit\u00e9e par Fritz Hansen en 2000. Son design minimaliste et intemporel en fait un classique du mobilier moderne.<\/p>\n<p>Fabriqu\u00e9e avec une assise en rotin blond et une structure \u00e9l\u00e9gante en acier inoxydable, cette chaise longue offre un confort exceptionnel tout en mettant en valeur la finesse des mat\u00e9riaux naturels. Son allure fluide et \u00e9pur\u00e9e s\u2019adapte parfaitement aux int\u00e9rieurs contemporains comme aux espaces plus classiques.<\/p>\n<p><strong>Caract\u00e9ristiques :<\/strong><\/p>\n<ul>\n<li><strong>Designer :<\/strong>\u00a0Poul Kjaerholm<\/li>\n<li><strong>\u00c9diteur :<\/strong>\u00a0Fritz Hansen<\/li>\n<li><strong>Ann\u00e9e d\u2019\u00e9dition :<\/strong>\u00a02000<\/li>\n<li><strong>Mat\u00e9riaux :<\/strong>\u00a0Rotin, acier inoxydable<\/li>\n<li><strong>Dimensions :<\/strong>\u00a0L 157 cm x l 60 cm x H 90 cm<\/li>\n<li><strong>\u00c9tat :<\/strong>\u00a0Excellent \u2013 Proche de l\u2019\u00e9tat d\u2019origine avec des traces minimes d\u2019utilisation<\/li>\n<\/ul>\n<p>\u00a0<strong>Livraison possible en France et en Europe<\/strong>\u00a0\u2013 Contactez-nous pour un devis personnalis\u00e9.<\/p>\n<p><strong>Une question ?<\/strong>\u00a0\u00c9crivez-nous \u00e0\u00a0<strong><a href=\"mailto:vincent@opecheurdelune.com\" target=\"_blank\" rel=\"noopener\">vincent@opecheurdelune.com<\/a><\/strong>\u00a0pour toute demande d\u2019information.<\/p>\n<p>&nbsp;<\/p>\n","protected":false},"excerpt":{"rendered":"<p>Ajoutez une pi\u00e8ce iconique du design scandinave \u00e0 votre int\u00e9rieur avec la chaise longue PK24, con\u00e7ue par Poul Kjaerholm dans les ann\u00e9es 1960 et \u00e9dit\u00e9e par Fritz Hansen en 2000. Son design minimaliste et intemporel en fait un classique du mobilier moderne. Fabriqu\u00e9e avec une assise en rotin blond et une structure \u00e9l\u00e9gante en acier inoxydable, cette chaise longue offre un confort exceptionnel tout en mettant en valeur la finesse des mat\u00e9riaux naturels. Son allure fluide et \u00e9pur\u00e9e s\u2019adapte parfaitement aux int\u00e9rieurs contemporains comme aux espaces plus classiques. Caract\u00e9ristiques : Designer :\u00a0Poul Kjaerholm \u00c9diteur :\u00a0Fritz Hansen Ann\u00e9e d\u2019\u00e9dition :\u00a02000 Mat\u00e9riaux :\u00a0Rotin, acier inoxydable Dimensions :\u00a0L 157 cm x l 60 cm x H 90 cm \u00c9tat :\u00a0Excellent \u2013 Proche de l\u2019\u00e9tat d\u2019origine avec des traces minimes d\u2019utilisation \u00a0Livraison possible en France et en Europe\u00a0\u2013 Contactez-nous pour un devis personnalis\u00e9. Une question ?\u00a0\u00c9crivez-nous \u00e0\u00a0vincent@opecheurdelune.com\u00a0pour toute demande d\u2019information. &nbsp;<\/p>\n","protected":false},"featured_media":10651,"comment_status":"closed","ping_status":"closed","template":"","meta":{"_seopress_robots_primary_cat":"","_seopress_titles_title":"","_seopress_titles_desc":"","_seopress_robots_index":"","_gspb_post_css":"","inline_featured_image":false},"product_brand":[],"product_cat":[332],"product_tag":[],"berocket_brand":[],"class_list":{"0":"post-10724","1":"product","2":"type-product","3":"status-publish","4":"has-post-thumbnail","6":"product_cat-seating-armchairs","8":"first","9":"outofstock","10":"taxable","11":"shipping-taxable","12":"purchasable","13":"product-type-simple"},"_links":{"self":[{"href":"https:\/\/opecheurdelune.com\/en\/wp-json\/wp\/v2\/product\/10724","targetHints":{"allow":["GET"]}}],"collection":[{"href":"https:\/\/opecheurdelune.com\/en\/wp-json\/wp\/v2\/product"}],"about":[{"href":"https:\/\/opecheurdelune.com\/en\/wp-json\/wp\/v2\/types\/product"}],"replies":[{"embeddable":true,"href":"https:\/\/opecheurdelune.com\/en\/wp-json\/wp\/v2\/comments?post=10724"}],"wp:featuredmedia":[{"embeddable":true,"href":"https:\/\/opecheurdelune.com\/en\/wp-json\/wp\/v2\/media\/10651"}],"wp:attachment":[{"href":"https:\/\/opecheurdelune.com\/en\/wp-json\/wp\/v2\/media?parent=10724"}],"wp:term":[{"taxonomy":"product_brand","embeddable":true,"href":"https:\/\/opecheurdelune.com\/en\/wp-json\/wp\/v2\/product_brand?post=10724"},{"taxonomy":"product_cat","embeddable":true,"href":"https:\/\/opecheurdelune.com\/en\/wp-json\/wp\/v2\/product_cat?post=10724"},{"taxonomy":"product_tag","embeddable":true,"href":"https:\/\/opecheurdelune.com\/en\/wp-json\/wp\/v2\/product_tag?post=10724"},{"taxonomy":"berocket_brand","embeddable":true,"href":"https:\/\/opecheurdelune.com\/en\/wp-json\/wp\/v2\/berocket_brand?post=10724"}],"curies":[{"name":"wp","href":"https:\/\/api.w.org\/{rel}","templated":true}]}}