{"id":4899,"date":"2023-12-15T11:37:04","date_gmt":"2023-12-15T10:37:04","guid":{"rendered":"https:\/\/opecheurdelune.com\/terms-of-use\/"},"modified":"2025-11-16T10:26:19","modified_gmt":"2025-11-16T09:26:19","slug":"terms-of-use","status":"publish","type":"page","link":"https:\/\/opecheurdelune.com\/en\/terms-of-use\/","title":{"rendered":"Terms of use"},"content":{"rendered":"\n<h2 class=\"wp-block-heading\" id=\"editeur-du-site\">Site editor<\/h2>\n\n<p>Le site <a href=\"https:\/\/opecheurdelune.com\/en\/\">opecheurdelune.com<\/a> est \u00e9dit\u00e9 par :<br\/>\u00d4 P\u00eacheur de Lune <br\/>N\u00b0 TVA : FR24501332282<br\/>Si\u00e8ge social : 35 RUE DU BELLOCQ, 40500 SAINT-SEVER<\/p>\n\n<p>Responsable de la publication : Vincent TOURRES<\/p>\n\n<h2 class=\"wp-block-heading\" id=\"realisation-et-hebergement\">Production and hosting<\/h2>\n\n<p>Erwan B\u00e9zie<br\/><a href=\"https:\/\/erwanbezie.com\" target=\"_blank\" rel=\"noreferrer noopener\">erwanbezie.com<\/a><br\/><br\/>OVH SAS<\/p>\n\n<h2 class=\"wp-block-heading\" id=\"propriete-intellectuelle\">Intellectual property<\/h2>\n\n<p>The content of this website is protected by intellectual property rights, in particular copyright. Any reproduction of this content is subject to explicit prior consent, in accordance with article L.122-4 of the French Intellectual Property Code.<\/p>\n\n<p><a href=\"https:\/\/opecheurdelune.com\/en\/contact\/\" data-type=\"page\" data-id=\"81\">Please contact us<\/a> if you would like to request authorization or information.<\/p>\n\n<h2 class=\"wp-block-heading\" id=\"informations-et-exclusions\">Information and exclusions<\/h2>\n\n<p>The publisher of this site makes every effort to ensure reliable information and updated content. However, errors and omissions may occur. The Internet user must therefore ensure the accuracy of the information provided by the publisher and report any changes to the site that he\/she deems useful. The site editor is in no way responsible for the use made of this information, nor for any direct or indirect prejudice that may result.<\/p>\n\n<p>Photos are non-contractual.<\/p>\n\n<p>The hypertext links set up within the framework of the present website leading to other resources present on the Internet network do not engage the responsibility of the publisher of this site.<\/p>\n\n<h2 class=\"wp-block-heading\" id=\"donnees-personnelles\">Personal data<\/h2>\n\n<p>The publisher of this site undertakes to ensure that the processing of personal data carried out on it complies with the General Data Protection Regulation (RGPD) and the French Data Protection Act (Loi Informatique et Libert\u00e9s).<\/p>\n\n<p>To find out more, visit our <a href=\"https:\/\/opecheurdelune.com\/en\/privacy-policy\/\" data-type=\"page\" data-id=\"3\">privacy<\/a> page.<\/p>\n","protected":false},"excerpt":{"rendered":"<p>Site editor Le site opecheurdelune.com est \u00e9dit\u00e9 par :\u00d4 P\u00eacheur de Lune N\u00b0 TVA : FR24501332282Si\u00e8ge social : 35 RUE DU BELLOCQ, 40500 SAINT-SEVER Responsable de la publication : Vincent TOURRES Production and hosting Erwan B\u00e9zieerwanbezie.com OVH SAS Intellectual property The content of this website is protected by intellectual property rights, in particular copyright. Any reproduction of this content is subject to explicit prior consent, in accordance with article L.122-4 of the French Intellectual Property Code. Please contact us if you would like to request authorization or information. Information and exclusions The publisher of this site makes every effort to ensure reliable information and updated content. However, errors and omissions may occur. The Internet user must therefore ensure the accuracy of the information provided by the publisher and report any changes to the site that he\/she deems useful. The site editor is in no way responsible for the use made of this information, nor for any direct or indirect prejudice that may result. Photos are non-contractual. The hypertext links set up within the framework of the present website leading to other resources present on the Internet network do not engage the responsibility of the publisher of this site. Personal data The publisher of this site undertakes to ensure that the processing of personal data carried out on it complies with the General Data Protection Regulation (RGPD) and the French Data Protection Act (Loi Informatique et Libert\u00e9s). To find out more, visit our privacy page.<\/p>\n","protected":false},"author":4,"featured_media":0,"parent":0,"menu_order":0,"comment_status":"closed","ping_status":"closed","template":"","meta":{"_seopress_robots_primary_cat":"","_seopress_titles_title":"","_seopress_titles_desc":"","_seopress_robots_index":"yes","_gspb_post_css":"","inline_featured_image":false,"footnotes":""},"class_list":["post-4899","page","type-page","status-publish","hentry","post-no-thumbnail"],"_links":{"self":[{"href":"https:\/\/opecheurdelune.com\/en\/wp-json\/wp\/v2\/pages\/4899","targetHints":{"allow":["GET"]}}],"collection":[{"href":"https:\/\/opecheurdelune.com\/en\/wp-json\/wp\/v2\/pages"}],"about":[{"href":"https:\/\/opecheurdelune.com\/en\/wp-json\/wp\/v2\/types\/page"}],"author":[{"embeddable":true,"href":"https:\/\/opecheurdelune.com\/en\/wp-json\/wp\/v2\/users\/4"}],"replies":[{"embeddable":true,"href":"https:\/\/opecheurdelune.com\/en\/wp-json\/wp\/v2\/comments?post=4899"}],"version-history":[{"count":5,"href":"https:\/\/opecheurdelune.com\/en\/wp-json\/wp\/v2\/pages\/4899\/revisions"}],"predecessor-version":[{"id":11111,"href":"https:\/\/opecheurdelune.com\/en\/wp-json\/wp\/v2\/pages\/4899\/revisions\/11111"}],"wp:attachment":[{"href":"https:\/\/opecheurdelune.com\/en\/wp-json\/wp\/v2\/media?parent=4899"}],"curies":[{"name":"wp","href":"https:\/\/api.w.org\/{rel}","templated":true}]}}