{"id":3626,"date":"2023-12-08T16:24:16","date_gmt":"2023-12-08T15:24:16","guid":{"rendered":"https:\/\/opecheurdelune.com\/home\/"},"modified":"2025-10-24T09:50:49","modified_gmt":"2025-10-24T07:50:49","slug":"home","status":"publish","type":"page","link":"https:\/\/opecheurdelune.com\/en\/","title":{"rendered":"Home"},"content":{"rendered":"\n<div class=\"custom-fullwidth-banner\" style=\"background-image: url('https:\/\/opecheurdelune.com\/wp-content\/uploads\/2025\/10\/tmpygbnelud.jpg');\">\n<div class=\"banner-content\">\n<h1 style=\"color:white;\">Welcome to \u00d4 P\u00eacheur de Lune<\/h1>\n<p><!-- Centered Button --><\/p>\n<div class=\"wp-block-buttons\" style=\"justify-content: center;\">\n<div class=\"wp-block-button\"><a class=\"wp-block-button__link wp-element-button\" href=\"\/boutique\/\">Shop now<\/a><\/div>\n<\/div>\n<p><!-- \/Centered Button --><\/p>\n<\/div>\n<\/div>\n\n<div class=\"wp-block-group tw-mt-0 more-padding-lg\"><div class=\"wp-block-group__inner-container is-layout-constrained wp-block-group-is-layout-constrained\">\n<div class=\"wp-block-columns is-layout-flex wp-container-core-columns-is-layout-abceabcf wp-block-columns-is-layout-flex\">\n<div class=\"wp-block-column is-layout-flow wp-block-column-is-layout-flow\">\n<h2 class=\"wp-block-heading\" id=\"mobilier-design-vintage\">Vintage Design Furniture<\/h2>\n\n\n\n<p>Antique dealer Vincent Tourr\u00e8s opened his gallery \u00d4 P\u00eacheur De Lune in 2008.<\/p>\n\n\n\n<p>Curious, bargain-hunters, enthusiasts and collectors alike can discover our selection of 20th-century Furniture, Vintage Design, Art and Decorative Arts.<\/p>\n\n\n\n<p><strong>&#8220;The art of living art&#8221;<\/strong><\/p>\n\n\n\n<div class=\"wp-block-buttons is-layout-flex wp-block-buttons-is-layout-flex\">\n<div class=\"wp-block-button\"><a class=\"wp-block-button__link wp-element-button\" href=\"https:\/\/opecheurdelune.com\/en\/shop\/\">Discover the store<\/a><\/div>\n<\/div>\n<\/div>\n\n\n\n<div class=\"wp-block-column is-layout-flow wp-block-column-is-layout-flow\">\n<figure class=\"wp-block-image size-large is-style-tw-rounded-corners\"><img fetchpriority=\"high\" decoding=\"async\" width=\"1024\" height=\"761\" src=\"https:\/\/opecheurdelune.com\/wp-content\/uploads\/2025\/10\/vincent-tourres-deavqcy1tsrma0csx179j5zp2c-1024x761.jpg\" alt=\"\" class=\"wp-image-10885\" srcset=\"https:\/\/opecheurdelune.com\/wp-content\/uploads\/2025\/10\/vincent-tourres-deavqcy1tsrma0csx179j5zp2c-1024x761.jpg 1024w, https:\/\/opecheurdelune.com\/wp-content\/uploads\/2025\/10\/vincent-tourres-deavqcy1tsrma0csx179j5zp2c-300x223.jpg 300w, https:\/\/opecheurdelune.com\/wp-content\/uploads\/2025\/10\/vincent-tourres-deavqcy1tsrma0csx179j5zp2c-768x571.jpg 768w, https:\/\/opecheurdelune.com\/wp-content\/uploads\/2025\/10\/vincent-tourres-deavqcy1tsrma0csx179j5zp2c-600x446.jpg 600w, https:\/\/opecheurdelune.com\/wp-content\/uploads\/2025\/10\/vincent-tourres-deavqcy1tsrma0csx179j5zp2c-150x111.jpg 150w, https:\/\/opecheurdelune.com\/wp-content\/uploads\/2025\/10\/vincent-tourres-deavqcy1tsrma0csx179j5zp2c.jpg 1184w\" sizes=\"(max-width: 1024px) 100vw, 1024px\" \/><\/figure>\n<\/div>\n<\/div>\n<\/div><\/div>\n\n<div class=\"wp-block-group\"><div class=\"wp-block-group__inner-container is-layout-constrained wp-block-group-is-layout-constrained\"><\/div><\/div>\n\n<h2 class=\"wp-block-heading has-text-align-center\" id=\"categories\">Categories<\/h2>\n\n<div class=\"wp-block-group\"><div class=\"wp-block-group__inner-container is-layout-constrained wp-block-group-is-layout-constrained\"><div data-block-name=\"woocommerce\/product-categories\" data-has-count=\"false\" data-has-image=\"true\" data-is-hierarchical=\"false\" class=\"wp-block-woocommerce-product-categories wc-block-product-categories is-list \" style=\"\"><ul class=\"wc-block-product-categories-list wc-block-product-categories-list--depth-0 wc-block-product-categories-list--has-images\">\t\t\t\t<li class=\"wc-block-product-categories-list-item\">\t\t\t\t\t<a style=\"\" href=\"https:\/\/opecheurdelune.com\/en\/product-category\/furniture-storage\/\"><span class=\"wc-block-product-categories-list-item__image\"><img decoding=\"async\" width=\"300\" height=\"300\" src=\"https:\/\/opecheurdelune.com\/wp-content\/uploads\/2024\/07\/buffet-rizzo-4-1-1-300x300.jpg\" class=\"attachment-woocommerce_thumbnail size-woocommerce_thumbnail\" alt=\"\" srcset=\"https:\/\/opecheurdelune.com\/wp-content\/uploads\/2024\/07\/buffet-rizzo-4-1-1-300x300.jpg 300w, https:\/\/opecheurdelune.com\/wp-content\/uploads\/2024\/07\/buffet-rizzo-4-1-1-1024x1024.jpg 1024w, https:\/\/opecheurdelune.com\/wp-content\/uploads\/2024\/07\/buffet-rizzo-4-1-1-150x150.jpg 150w, https:\/\/opecheurdelune.com\/wp-content\/uploads\/2024\/07\/buffet-rizzo-4-1-1-768x768.jpg 768w, https:\/\/opecheurdelune.com\/wp-content\/uploads\/2024\/07\/buffet-rizzo-4-1-1-1536x1536.jpg 1536w, https:\/\/opecheurdelune.com\/wp-content\/uploads\/2024\/07\/buffet-rizzo-4-1-1-2048x2048.jpg 2048w, https:\/\/opecheurdelune.com\/wp-content\/uploads\/2024\/07\/buffet-rizzo-4-1-1-600x600.jpg 600w, https:\/\/opecheurdelune.com\/wp-content\/uploads\/2024\/07\/buffet-rizzo-4-1-1-80x80.jpg 80w\" sizes=\"(max-width: 300px) 100vw, 300px\" \/><\/span><span class=\"wc-block-product-categories-list-item__name\">Furniture &amp; Storage<\/span><\/a>\t\t\t\t<\/li>\t\t\t\t\t\t\t<li class=\"wc-block-product-categories-list-item\">\t\t\t\t\t<a style=\"\" href=\"https:\/\/opecheurdelune.com\/en\/product-category\/objects-artworks\/\"><span class=\"wc-block-product-categories-list-item__image\"><img decoding=\"async\" width=\"300\" height=\"300\" src=\"https:\/\/opecheurdelune.com\/wp-content\/uploads\/2024\/07\/platre-gertrude-bret-3-1-300x300.jpg\" class=\"attachment-woocommerce_thumbnail size-woocommerce_thumbnail\" alt=\"\" srcset=\"https:\/\/opecheurdelune.com\/wp-content\/uploads\/2024\/07\/platre-gertrude-bret-3-1-300x300.jpg 300w, https:\/\/opecheurdelune.com\/wp-content\/uploads\/2024\/07\/platre-gertrude-bret-3-1-1024x1024.jpg 1024w, https:\/\/opecheurdelune.com\/wp-content\/uploads\/2024\/07\/platre-gertrude-bret-3-1-150x150.jpg 150w, https:\/\/opecheurdelune.com\/wp-content\/uploads\/2024\/07\/platre-gertrude-bret-3-1-768x768.jpg 768w, https:\/\/opecheurdelune.com\/wp-content\/uploads\/2024\/07\/platre-gertrude-bret-3-1-1536x1536.jpg 1536w, https:\/\/opecheurdelune.com\/wp-content\/uploads\/2024\/07\/platre-gertrude-bret-3-1-2048x2048.jpg 2048w, https:\/\/opecheurdelune.com\/wp-content\/uploads\/2024\/07\/platre-gertrude-bret-3-1-600x600.jpg 600w, https:\/\/opecheurdelune.com\/wp-content\/uploads\/2024\/07\/platre-gertrude-bret-3-1-80x80.jpg 80w\" sizes=\"(max-width: 300px) 100vw, 300px\" \/><\/span><span class=\"wc-block-product-categories-list-item__name\">Objects \/ Artworks<\/span><\/a>\t\t\t\t<\/li>\t\t\t\t\t\t\t<li class=\"wc-block-product-categories-list-item\">\t\t\t\t\t<a style=\"\" href=\"https:\/\/opecheurdelune.com\/en\/product-category\/tables-en\/\"><span class=\"wc-block-product-categories-list-item__image\"><img loading=\"lazy\" decoding=\"async\" width=\"300\" height=\"300\" src=\"https:\/\/opecheurdelune.com\/wp-content\/uploads\/2024\/07\/DSC4105-1-300x300.jpg\" class=\"attachment-woocommerce_thumbnail size-woocommerce_thumbnail\" alt=\"\" srcset=\"https:\/\/opecheurdelune.com\/wp-content\/uploads\/2024\/07\/DSC4105-1-300x300.jpg 300w, https:\/\/opecheurdelune.com\/wp-content\/uploads\/2024\/07\/DSC4105-1-1024x1024.jpg 1024w, https:\/\/opecheurdelune.com\/wp-content\/uploads\/2024\/07\/DSC4105-1-150x150.jpg 150w, https:\/\/opecheurdelune.com\/wp-content\/uploads\/2024\/07\/DSC4105-1-768x768.jpg 768w, https:\/\/opecheurdelune.com\/wp-content\/uploads\/2024\/07\/DSC4105-1-1536x1536.jpg 1536w, https:\/\/opecheurdelune.com\/wp-content\/uploads\/2024\/07\/DSC4105-1-600x600.jpg 600w, https:\/\/opecheurdelune.com\/wp-content\/uploads\/2024\/07\/DSC4105-1-80x80.jpg 80w, https:\/\/opecheurdelune.com\/wp-content\/uploads\/2024\/07\/DSC4105-1.jpg 2048w\" sizes=\"(max-width: 300px) 100vw, 300px\" \/><\/span><span class=\"wc-block-product-categories-list-item__name\">Tables<\/span><\/a>\t\t\t\t<\/li>\t\t\t\t\t\t\t<li class=\"wc-block-product-categories-list-item\">\t\t\t\t\t<a style=\"\" href=\"https:\/\/opecheurdelune.com\/en\/product-category\/contemporary-art\/\"><span class=\"wc-block-product-categories-list-item__image\"><img loading=\"lazy\" decoding=\"async\" width=\"300\" height=\"300\" src=\"https:\/\/opecheurdelune.com\/wp-content\/uploads\/2025\/10\/sodore.jpg\" class=\"attachment-woocommerce_thumbnail size-woocommerce_thumbnail\" alt=\"\" srcset=\"https:\/\/opecheurdelune.com\/wp-content\/uploads\/2025\/10\/sodore.jpg 300w, https:\/\/opecheurdelune.com\/wp-content\/uploads\/2025\/10\/sodore-150x150.jpg 150w, https:\/\/opecheurdelune.com\/wp-content\/uploads\/2025\/10\/sodore-80x80.jpg 80w\" sizes=\"(max-width: 300px) 100vw, 300px\" \/><\/span><span class=\"wc-block-product-categories-list-item__name\">Contemporary Art<\/span><\/a>\t\t\t\t<\/li>\t\t\t\t\t\t\t<li class=\"wc-block-product-categories-list-item\">\t\t\t\t\t<a style=\"\" href=\"https:\/\/opecheurdelune.com\/en\/product-category\/lighting\/\"><span class=\"wc-block-product-categories-list-item__image\"><img loading=\"lazy\" decoding=\"async\" width=\"300\" height=\"300\" src=\"https:\/\/opecheurdelune.com\/wp-content\/uploads\/2024\/03\/LUMINAIRES-1-300x300.webp\" class=\"attachment-woocommerce_thumbnail size-woocommerce_thumbnail\" alt=\"\" srcset=\"https:\/\/opecheurdelune.com\/wp-content\/uploads\/2024\/03\/LUMINAIRES-1-300x300.webp 300w, https:\/\/opecheurdelune.com\/wp-content\/uploads\/2024\/03\/LUMINAIRES-1-150x150.webp 150w, https:\/\/opecheurdelune.com\/wp-content\/uploads\/2024\/03\/LUMINAIRES-1-600x600.webp 600w, https:\/\/opecheurdelune.com\/wp-content\/uploads\/2024\/03\/LUMINAIRES-1-80x80.webp 80w, https:\/\/opecheurdelune.com\/wp-content\/uploads\/2024\/03\/LUMINAIRES-1.webp 720w\" sizes=\"(max-width: 300px) 100vw, 300px\" \/><\/span><span class=\"wc-block-product-categories-list-item__name\">Lighting<\/span><\/a>\t\t\t\t<\/li>\t\t\t\t\t\t\t<li class=\"wc-block-product-categories-list-item\">\t\t\t\t\t<a style=\"\" href=\"https:\/\/opecheurdelune.com\/en\/product-category\/seating-armchairs\/\"><span class=\"wc-block-product-categories-list-item__image\"><img loading=\"lazy\" decoding=\"async\" width=\"300\" height=\"300\" src=\"https:\/\/opecheurdelune.com\/wp-content\/uploads\/2024\/07\/canape-3-1-300x300.webp\" class=\"attachment-woocommerce_thumbnail size-woocommerce_thumbnail\" alt=\"\" srcset=\"https:\/\/opecheurdelune.com\/wp-content\/uploads\/2024\/07\/canape-3-1-300x300.webp 300w, https:\/\/opecheurdelune.com\/wp-content\/uploads\/2024\/07\/canape-3-1-150x150.webp 150w, https:\/\/opecheurdelune.com\/wp-content\/uploads\/2024\/07\/canape-3-1-600x600.webp 600w, https:\/\/opecheurdelune.com\/wp-content\/uploads\/2024\/07\/canape-3-1-80x80.webp 80w, https:\/\/opecheurdelune.com\/wp-content\/uploads\/2024\/07\/canape-3-1.webp 720w\" sizes=\"(max-width: 300px) 100vw, 300px\" \/><\/span><span class=\"wc-block-product-categories-list-item__name\">Seating &amp; Armchairs<\/span><\/a>\t\t\t\t<\/li>\t\t\t<\/ul><\/div><\/div><\/div>\n","protected":false},"excerpt":{"rendered":"<p>Welcome to \u00d4 P\u00eacheur de Lune Shop now Vintage Design Furniture Antique dealer Vincent Tourr\u00e8s opened his gallery \u00d4 P\u00eacheur De Lune in 2008. Curious, bargain-hunters, enthusiasts and collectors alike can discover our selection of 20th-century Furniture, Vintage Design, Art and Decorative Arts. &#8220;The art of living art&#8221; Categories<\/p>\n","protected":false},"author":4,"featured_media":0,"parent":0,"menu_order":0,"comment_status":"closed","ping_status":"closed","template":"","meta":{"_seopress_robots_primary_cat":"","_seopress_titles_title":"\u00d4 P\u00eacheur de Lune - D\u00e9co-british shop in the heart of les Landes, France","_seopress_titles_desc":"Maximalist Modern-British Shop in Saint-Sever, Landes","_seopress_robots_index":"","_gspb_post_css":".gspb_container-id-gsbp-adc92d6{flex-direction:column;box-sizing:border-box}#gspb_container-id-gsbp-adc92d6.gspb_container>p:last-of-type{margin-bottom:0}#gspb_container-id-gsbp-adc92d6.gspb_container{position:relative}","inline_featured_image":false,"footnotes":""},"class_list":["post-3626","page","type-page","status-publish","hentry","post-no-thumbnail"],"_links":{"self":[{"href":"https:\/\/opecheurdelune.com\/en\/wp-json\/wp\/v2\/pages\/3626","targetHints":{"allow":["GET"]}}],"collection":[{"href":"https:\/\/opecheurdelune.com\/en\/wp-json\/wp\/v2\/pages"}],"about":[{"href":"https:\/\/opecheurdelune.com\/en\/wp-json\/wp\/v2\/types\/page"}],"author":[{"embeddable":true,"href":"https:\/\/opecheurdelune.com\/en\/wp-json\/wp\/v2\/users\/4"}],"replies":[{"embeddable":true,"href":"https:\/\/opecheurdelune.com\/en\/wp-json\/wp\/v2\/comments?post=3626"}],"version-history":[{"count":14,"href":"https:\/\/opecheurdelune.com\/en\/wp-json\/wp\/v2\/pages\/3626\/revisions"}],"predecessor-version":[{"id":10993,"href":"https:\/\/opecheurdelune.com\/en\/wp-json\/wp\/v2\/pages\/3626\/revisions\/10993"}],"wp:attachment":[{"href":"https:\/\/opecheurdelune.com\/en\/wp-json\/wp\/v2\/media?parent=3626"}],"curies":[{"name":"wp","href":"https:\/\/api.w.org\/{rel}","templated":true}]}}