{"id":11005,"date":"2025-10-23T17:14:28","date_gmt":"2025-10-23T15:14:28","guid":{"rendered":"https:\/\/opecheurdelune.com\/estimation\/"},"modified":"2025-11-16T11:38:17","modified_gmt":"2025-11-16T10:38:17","slug":"valuation","status":"publish","type":"page","link":"https:\/\/opecheurdelune.com\/en\/valuation\/","title":{"rendered":"Valuation"},"content":{"rendered":"\n<div class=\"wp-block-columns is-layout-flex wp-container-core-columns-is-layout-abceabcf wp-block-columns-is-layout-flex\">\n<div class=\"wp-block-column is-layout-flow wp-block-column-is-layout-flow\">\n<figure class=\"wp-block-image size-full is-style-tw-rounded-corners\"><img fetchpriority=\"high\" decoding=\"async\" width=\"670\" height=\"632\" src=\"https:\/\/opecheurdelune.com\/wp-content\/uploads\/2024\/08\/Capture-decran-2024-08-02-182637-1.jpg\" alt=\"\" class=\"wp-image-1394\" srcset=\"https:\/\/opecheurdelune.com\/wp-content\/uploads\/2024\/08\/Capture-decran-2024-08-02-182637-1.jpg 670w, https:\/\/opecheurdelune.com\/wp-content\/uploads\/2024\/08\/Capture-decran-2024-08-02-182637-1-300x283.jpg 300w, https:\/\/opecheurdelune.com\/wp-content\/uploads\/2024\/08\/Capture-decran-2024-08-02-182637-1-600x566.jpg 600w, https:\/\/opecheurdelune.com\/wp-content\/uploads\/2024\/08\/Capture-decran-2024-08-02-182637-1-150x141.jpg 150w\" sizes=\"(max-width: 670px) 100vw, 670px\" \/><\/figure>\n<\/div>\n\n\n\n<div class=\"wp-block-column is-layout-flow wp-block-column-is-layout-flow\">\n<h1 class=\"wp-block-heading\" id=\"vincent-tourres\">Vincent Tourr\u00e8s<\/h1>\n\n\n\n<h4 class=\"wp-block-heading\" id=\"expert-csfesa\"><strong>CSFESA EXPERT<\/strong><\/h4>\n\n\n\n<p>Passionate about vintage design and 20th-century decorative arts, Vincent Tourr\u00e8s <a href=\"https:\/\/chambre-experts-antiquites.fr\/experts-specialistes\/vincent-tourres\/\" target=\"_blank\" rel=\"noreferrer noopener\">(CSFESA expert)<\/a> founded the gallery \u00d4 P\u00eacheur de Lune in 2008. His family background and hands-on experience at fairs and exhibitions\u2014from Avignon to Nantes, Biarritz to Paris, the design flea markets of Saint-Ouen, and the Quinconces flea market in Bordeaux\u2014have sharpened his eye, knowledge, and taste for 20th-century design antiques. Son exp\u00e9rience familiale et de terrain sur les foires et salons, d\u2019Avignon \u00e0 Nantes, de Biarritz \u00e0 Paris, aux puces du design et celles de Saint-Ouen en passant par la brocante des Quinconces \u00e0 Bordeaux, a aiguis\u00e9 son \u0153il, sa culture et son go\u00fbt pour les antiquit\u00e9s design du XX\u00e8me si\u00e8cle.<\/p>\n\n\n\n<p>La galerie \u00d4 p\u00eacheur de lune est install\u00e9e au 35 rue du Bellocq \u00e0 Saint-Sever et propose une s\u00e9lection de\u00a0<a href=\"https:\/\/opecheurdelune.com\/boutique\/\" data-type=\"page\" data-id=\"3409\">mobiliers<\/a> et\u00a0<a href=\"\/?product_cat=objets-oeuvre-dart\" data-type=\"product_cat\" data-id=\"328\">d\u2019objets d\u2019Art\u00a0<\/a>allant du modernisme au design vintage des ann\u00e9es 50 aux ann\u00e9es 90, en incluant le travail d\u2019artiste c\u00e9ramiste du XX\u00e8me si\u00e8cles et sp\u00e9cialement des ann\u00e9es 50.<\/p>\n\n\n\n<p>Vincent Tourr\u00e8s, antiquaire, a souhait\u00e9 cr\u00e9er \u00e0 Saint-Sever dans les Landes au coeur de la r\u00e9gion Nouvelle-Aquitaine, une galerie o\u00f9 les amateurs et les collectionneurs peuvent\u00a0<a href=\"https:\/\/opecheurdelune.com\/en\/contact\/\" data-type=\"page\" data-id=\"81\">d\u00e9couvrir et \u00e9changer<\/a>\u00a0sur leur passion des antiquit\u00e9s et de l\u2019art du XX\u00e8me si\u00e8cle.<\/p>\n<\/div>\n<\/div>\n\n<h3 class=\"wp-block-heading\" id=\"pourquoi-estimer-votre-mobilier-d-art-avec-nous\">Why Have Your Art Furniture Valued With Us?<\/h3>\n\n<ol class=\"wp-block-list\">\n<li>Specialized Expertise: Vincent Tourr\u00e8s examines your objects to reveal their hidden value.<\/li>\n\n\n\n<li>Free Appraisal: Enjoy a free valuation of your belongings.<\/li>\n<\/ol>\n\n<p><strong>How to Proceed:<\/strong><\/p>\n\n<ol class=\"wp-block-list\">\n<li>Take clear photos: Capture your piece from different angles.<\/li>\n\n\n\n<li>Provide a description: Include a brief description of the piece, its origin, dimensions, and current condition.<\/li>\n\n\n\n<li>Contact us: Send your photos and descriptions to <em><strong><a href=\"mailto:vincent@opecheurdelune.com\">vincent@opecheurdelune.com<\/a><\/strong><\/em><\/li>\n<\/ol>\n\n<p>Discover the true value of your pieces. At Galerie \u00d4 P\u00eacheur de Lune, every item has a story to tell, and we are here to bring it to light.<\/p>\n","protected":false},"excerpt":{"rendered":"<p>Vincent Tourr\u00e8s CSFESA EXPERT Passionate about vintage design and 20th-century decorative arts, Vincent Tourr\u00e8s (CSFESA expert) founded the gallery \u00d4 P\u00eacheur de Lune in 2008. His family background and hands-on experience at fairs and exhibitions\u2014from Avignon to Nantes, Biarritz to Paris, the design flea markets of Saint-Ouen, and the Quinconces flea market in Bordeaux\u2014have sharpened his eye, knowledge, and taste for 20th-century design antiques. Son exp\u00e9rience familiale et de terrain sur les foires et salons, d\u2019Avignon \u00e0 Nantes, de Biarritz \u00e0 Paris, aux puces du design et celles de Saint-Ouen en passant par la brocante des Quinconces \u00e0 Bordeaux, a aiguis\u00e9 son \u0153il, sa culture et son go\u00fbt pour les antiquit\u00e9s design du XX\u00e8me si\u00e8cle. La galerie \u00d4 p\u00eacheur de lune est install\u00e9e au 35 rue du Bellocq \u00e0 Saint-Sever et propose une s\u00e9lection de\u00a0mobiliers et\u00a0d\u2019objets d\u2019Art\u00a0allant du modernisme au design vintage des ann\u00e9es 50 aux ann\u00e9es 90, en incluant le travail d\u2019artiste c\u00e9ramiste du XX\u00e8me si\u00e8cles et sp\u00e9cialement des ann\u00e9es 50. Vincent Tourr\u00e8s, antiquaire, a souhait\u00e9 cr\u00e9er \u00e0 Saint-Sever dans les Landes au coeur de la r\u00e9gion Nouvelle-Aquitaine, une galerie o\u00f9 les amateurs et les collectionneurs peuvent\u00a0d\u00e9couvrir et \u00e9changer\u00a0sur leur passion des antiquit\u00e9s et de l\u2019art du XX\u00e8me si\u00e8cle. Why Have Your Art Furniture Valued With Us? How to Proceed: Discover the true value of your pieces. At Galerie \u00d4 P\u00eacheur de Lune, every item has a story to tell, and we are here to bring it to light.<\/p>\n","protected":false},"author":4,"featured_media":0,"parent":0,"menu_order":0,"comment_status":"closed","ping_status":"closed","template":"","meta":{"_seopress_robots_primary_cat":"","_seopress_titles_title":"","_seopress_titles_desc":"","_seopress_robots_index":"","_gspb_post_css":"","inline_featured_image":false,"footnotes":""},"class_list":["post-11005","page","type-page","status-publish","hentry","post-no-thumbnail"],"_links":{"self":[{"href":"https:\/\/opecheurdelune.com\/en\/wp-json\/wp\/v2\/pages\/11005","targetHints":{"allow":["GET"]}}],"collection":[{"href":"https:\/\/opecheurdelune.com\/en\/wp-json\/wp\/v2\/pages"}],"about":[{"href":"https:\/\/opecheurdelune.com\/en\/wp-json\/wp\/v2\/types\/page"}],"author":[{"embeddable":true,"href":"https:\/\/opecheurdelune.com\/en\/wp-json\/wp\/v2\/users\/4"}],"replies":[{"embeddable":true,"href":"https:\/\/opecheurdelune.com\/en\/wp-json\/wp\/v2\/comments?post=11005"}],"version-history":[{"count":6,"href":"https:\/\/opecheurdelune.com\/en\/wp-json\/wp\/v2\/pages\/11005\/revisions"}],"predecessor-version":[{"id":11122,"href":"https:\/\/opecheurdelune.com\/en\/wp-json\/wp\/v2\/pages\/11005\/revisions\/11122"}],"wp:attachment":[{"href":"https:\/\/opecheurdelune.com\/en\/wp-json\/wp\/v2\/media?parent=11005"}],"curies":[{"name":"wp","href":"https:\/\/api.w.org\/{rel}","templated":true}]}}